{"id":24806,"date":"2022-09-06T08:23:58","date_gmt":"2022-09-06T11:23:58","guid":{"rendered":"http:\/\/sgplan.com.br\/?page_id=24806"},"modified":"2023-05-29T10:52:01","modified_gmt":"2023-05-29T13:52:01","slug":"precos","status":"publish","type":"page","link":"https:\/\/sgplan.com.br\/en\/precos\/","title":{"rendered":"Tabela de Pre\u00e7os"},"content":{"rendered":"<div data-elementor-type=\"wp-page\" data-elementor-id=\"24806\" class=\"elementor elementor-24806\" data-elementor-post-type=\"page\">\n\t\t\t\t<div class=\"elementor-element elementor-element-8c4c72c e-flex e-con-boxed e-con e-parent\" data-id=\"8c4c72c\" data-element_type=\"container\" data-e-type=\"container\">\n\t\t\t\t\t<div class=\"e-con-inner\">\n\t\t\t\t<div class=\"elementor-element elementor-element-e381224 elementor-widget elementor-widget-heading\" data-id=\"e381224\" data-element_type=\"widget\" data-e-type=\"widget\" data-widget_type=\"heading.default\">\n\t\t\t\t\t<h3 class=\"elementor-heading-title elementor-size-default\">Escolha o melhor plano para sua ind\u00fastria e confira os resultados na pr\u00e1tica<\/h3>\t\t\t\t<\/div>\n\t\t\t\t\t<\/div>\n\t\t\t\t<\/div>\n\t\t<div class=\"elementor-element elementor-element-dbce07e e-flex e-con-boxed e-con e-parent\" data-id=\"dbce07e\" data-element_type=\"container\" data-e-type=\"container\">\n\t\t\t\t\t<div class=\"e-con-inner\">\n\t\t<div class=\"elementor-element elementor-element-4c84e2b e-con-full e-flex e-con e-parent\" data-id=\"4c84e2b\" data-element_type=\"container\" data-e-type=\"container\">\n\t\t\t\t<div class=\"elementor-element elementor-element-816f963 sc_fly_static elementor-widget elementor-widget-dm-pricing2\" data-id=\"816f963\" data-element_type=\"widget\" data-e-type=\"widget\" data-widget_type=\"dm-pricing2.default\">\n\t\t\t\t<div class=\"elementor-widget-container\">\n\t\t\t\t\t<div class=\"pricing-item pricing-style-4 border-top-style\">\r\n    <div class=\"pricing-header\">\r\n        \r\n                            <p>B\u00e1sico<\/p>\r\n        \r\n        \r\n                \r\n    <\/div>\r\n\r\n    <div class=\"price\">\r\n        <h2><span>R$<\/span>375<small>\/ mensal<\/small><\/h2>\r\n        <span> <\/span>\r\n    <\/div>\r\n\r\n    <div class=\"pricing-features\">\r\n\r\n        \r\n                    <ul>\r\n                                    <li class=\"\">\r\n                        <i class=\"fa fa-check\"><\/i>\r\n                        Acessos Simult\u00e2neos                    <\/li>\r\n                                    <li class=\"\">\r\n                        <i class=\"fa fa-check\"><\/i>\r\n                        Suporte p\u00f3s-venda                    <\/li>\r\n                                    <li class=\"\">\r\n                        <i class=\"fa fa-check\"><\/i>\r\n                        Atualiza\u00e7\u00e3o de vers\u00f5es inclusas                    <\/li>\r\n                                    <li class=\"\">\r\n                        <i class=\"fa fa-check\"><\/i>\r\n                        Dashboard exclusivos                    <\/li>\r\n                                    <li class=\"\">\r\n                        <i class=\"fa fa-check\"><\/i>\r\n                        03 m\u00f3dulos dispon\u00edveis                    <\/li>\r\n                                    <li class=\"not-include\">\r\n                        <i class=\"fas fa-times\"><\/i>\r\n                        Interface com outras ferramentas                    <\/li>\r\n                                    <li class=\"not-include\">\r\n                        <i class=\"fas fa-times\"><\/i>\r\n                        Business Intelligence                    <\/li>\r\n                                    <li class=\"not-include\">\r\n                        <i class=\"fas fa-times\"><\/i>\r\n                        Instala\u00e7\u00e3o Gratuita                    <\/li>\r\n                            \r\n            <\/ul>\r\n        \r\n    <\/div>\r\n\r\n\r\n    \r\n    <a href=\"https:\/\/cluster-forms.typeform.com\/to\/oCJHE9Rd?typeform-source=site\" class=\"btn btn-grey rounded\">Contratar<i class=\"ms-2\"><\/i><\/a>\r\n    <p class=\"mb-0 additional\"><\/p>\r\n<\/div>\r\n\t\t\t\t<\/div>\n\t\t\t\t<\/div>\n\t\t\t\t<\/div>\n\t\t<div class=\"elementor-element elementor-element-85bd0c2 e-con-full e-flex e-con e-parent\" data-id=\"85bd0c2\" data-element_type=\"container\" data-e-type=\"container\">\n\t\t\t\t<div class=\"elementor-element elementor-element-f82aa42 sc_fly_static elementor-widget elementor-widget-dm-pricing2\" data-id=\"f82aa42\" data-element_type=\"widget\" data-e-type=\"widget\" data-widget_type=\"dm-pricing2.default\">\n\t\t\t\t<div class=\"elementor-widget-container\">\n\t\t\t\t\t<div class=\"pricing-item pricing-style-4 border-top-style\">\r\n    <div class=\"pricing-header\">\r\n        \r\n                            <p>Intermedi\u00e1rio<\/p>\r\n        \r\n        \r\n                \r\n    <\/div>\r\n\r\n    <div class=\"price\">\r\n        <h2><span>R$<\/span>425<small>\/ mensal<\/small><\/h2>\r\n        <span> <\/span>\r\n    <\/div>\r\n\r\n    <div class=\"pricing-features\">\r\n\r\n        \r\n                    <ul>\r\n                                    <li class=\"\">\r\n                        <i class=\"fa fa-check\"><\/i>\r\n                        Acessos Simult\u00e2neos                    <\/li>\r\n                                    <li class=\"\">\r\n                        <i class=\"fa fa-check\"><\/i>\r\n                        Suporte p\u00f3s-venda                    <\/li>\r\n                                    <li class=\"\">\r\n                        <i class=\"fa fa-check\"><\/i>\r\n                        Atualiza\u00e7\u00e3o de vers\u00f5es inclusas                    <\/li>\r\n                                    <li class=\"\">\r\n                        <i class=\"fa fa-check\"><\/i>\r\n                        Dashboard exclusivos                    <\/li>\r\n                                    <li class=\"\">\r\n                        <i class=\"fa fa-check\"><\/i>\r\n                        04 m\u00f3dulos dispon\u00edveis                    <\/li>\r\n                                    <li class=\"\">\r\n                        <i class=\"fa fa-check\"><\/i>\r\n                        Interface com outras ferramentas                    <\/li>\r\n                                    <li class=\"not-include\">\r\n                        <i class=\"fas fa-times\"><\/i>\r\n                        Business Intelligence                    <\/li>\r\n                                    <li class=\"not-include\">\r\n                        <i class=\"fas fa-times\"><\/i>\r\n                        Instala\u00e7\u00e3o Gratuita                    <\/li>\r\n                            \r\n            <\/ul>\r\n        \r\n    <\/div>\r\n\r\n\r\n    \r\n    <a href=\"https:\/\/cluster-forms.typeform.com\/to\/oCJHE9Rd?typeform-source=site\" class=\"btn btn-grey rounded\">Contratar<i class=\"ms-2\"><\/i><\/a>\r\n    <p class=\"mb-0 additional\"><\/p>\r\n<\/div>\r\n\t\t\t\t<\/div>\n\t\t\t\t<\/div>\n\t\t\t\t<\/div>\n\t\t<div class=\"elementor-element elementor-element-15d941b e-con-full e-flex e-con e-parent\" data-id=\"15d941b\" data-element_type=\"container\" data-e-type=\"container\">\n\t\t\t\t<div class=\"elementor-element elementor-element-a8a6e85 sc_fly_static elementor-widget elementor-widget-dm-pricing2\" data-id=\"a8a6e85\" data-element_type=\"widget\" data-e-type=\"widget\" data-widget_type=\"dm-pricing2.default\">\n\t\t\t\t<div class=\"elementor-widget-container\">\n\t\t\t\t\t<div class=\"pricing-item pricing-style-4 border-top-style\">\r\n    <div class=\"pricing-header\">\r\n        \r\n                    <span class=\"badge badge-style-2\">Popular<\/span>\r\n                            <p>AVAN\u00c7ADO<\/p>\r\n        \r\n        \r\n                \r\n    <\/div>\r\n\r\n    <div class=\"price\">\r\n        <h2><span>R$<\/span>500<small>\/ mensal<\/small><\/h2>\r\n        <span> <\/span>\r\n    <\/div>\r\n\r\n    <div class=\"pricing-features\">\r\n\r\n        \r\n                    <ul>\r\n                                    <li class=\"\">\r\n                        <i class=\"fa fa-check\"><\/i>\r\n                        Acessos Simult\u00e2neos                    <\/li>\r\n                                    <li class=\"\">\r\n                        <i class=\"fa fa-check\"><\/i>\r\n                        Suporte p\u00f3s-venda                    <\/li>\r\n                                    <li class=\"\">\r\n                        <i class=\"fa fa-check\"><\/i>\r\n                        Atualiza\u00e7\u00e3o de vers\u00f5es inclusas                    <\/li>\r\n                                    <li class=\"\">\r\n                        <i class=\"fa fa-check\"><\/i>\r\n                        Dashboard exclusivos                    <\/li>\r\n                                    <li class=\"\">\r\n                        <i class=\"fa fa-check\"><\/i>\r\n                        Business Intelligence                    <\/li>\r\n                                    <li class=\"\">\r\n                        <i class=\"fa fa-check\"><\/i>\r\n                        Interface com outras ferramentas                    <\/li>\r\n                                    <li class=\"\">\r\n                        <i class=\"fa fa-check\"><\/i>\r\n                        Todos os m\u00f3dulos dispon\u00edveis                    <\/li>\r\n                                    <li class=\"\">\r\n                        <i class=\"fa fa-check\"><\/i>\r\n                        Instala\u00e7\u00e3o gratuita                    <\/li>\r\n                            \r\n            <\/ul>\r\n        \r\n    <\/div>\r\n\r\n\r\n    \r\n    <a href=\"https:\/\/cluster-forms.typeform.com\/to\/oCJHE9Rd?typeform-source=site\" class=\"btn btn-grey rounded\">Contratar<i class=\"ms-2\"><\/i><\/a>\r\n    <p class=\"mb-0 additional\"><\/p>\r\n<\/div>\r\n\t\t\t\t<\/div>\n\t\t\t\t<\/div>\n\t\t\t\t<\/div>\n\t\t\t\t\t<\/div>\n\t\t\t\t<\/div>\n\t\t<div class=\"elementor-element elementor-element-7f96fbc e-flex e-con-boxed e-con e-parent\" data-id=\"7f96fbc\" data-element_type=\"container\" data-e-type=\"container\">\n\t\t\t\t\t<div class=\"e-con-inner\">\n\t\t\t\t<div class=\"elementor-element elementor-element-cf54802 elementor-widget elementor-widget-toggle\" data-id=\"cf54802\" data-element_type=\"widget\" data-e-type=\"widget\" data-widget_type=\"toggle.default\">\n\t\t\t\t\t\t\t<div class=\"elementor-toggle\">\n\t\t\t\t\t\t\t<div class=\"elementor-toggle-item\">\n\t\t\t\t\t<div id=\"elementor-tab-title-2171\" class=\"elementor-tab-title\" data-tab=\"1\" role=\"button\" aria-controls=\"elementor-tab-content-2171\" aria-expanded=\"false\">\n\t\t\t\t\t\t\t\t\t\t\t\t<span class=\"elementor-toggle-icon elementor-toggle-icon-left\" aria-hidden=\"true\">\n\t\t\t\t\t\t\t\t\t\t\t\t\t\t\t<span class=\"elementor-toggle-icon-closed\"><svg class=\"e-font-icon-svg e-fas-caret-right\" viewbox=\"0 0 192 512\" xmlns=\"http:\/\/www.w3.org\/2000\/svg\"><path d=\"M0 384.662V127.338c0-17.818 21.543-26.741 34.142-14.142l128.662 128.662c7.81 7.81 7.81 20.474 0 28.284L34.142 398.804C21.543 411.404 0 402.48 0 384.662z\"><\/path><\/svg><\/span>\n\t\t\t\t\t\t\t\t<span class=\"elementor-toggle-icon-opened\"><svg class=\"elementor-toggle-icon-opened e-font-icon-svg e-fas-caret-up\" viewbox=\"0 0 320 512\" xmlns=\"http:\/\/www.w3.org\/2000\/svg\"><path d=\"M288.662 352H31.338c-17.818 0-26.741-21.543-14.142-34.142l128.662-128.662c7.81-7.81 20.474-7.81 28.284 0l128.662 128.662c12.6 12.599 3.676 34.142-14.142 34.142z\"><\/path><\/svg><\/span>\n\t\t\t\t\t\t\t\t\t\t\t\t\t<\/span>\n\t\t\t\t\t\t\t\t\t\t\t\t<a class=\"elementor-toggle-title\" tabindex=\"0\">O que s\u00e3o acessos simult\u00e2neos?<\/a>\n\t\t\t\t\t<\/div>\n\n\t\t\t\t\t<div id=\"elementor-tab-content-2171\" class=\"elementor-tab-content elementor-clearfix\" data-tab=\"1\" role=\"region\" aria-labelledby=\"elementor-tab-title-2171\"><p>S\u00e3o pessoas que v\u00e3o utilizar ao mesmo tempo o SG Plan.<\/p><\/div>\n\t\t\t\t<\/div>\n\t\t\t\t\t\t\t<div class=\"elementor-toggle-item\">\n\t\t\t\t\t<div id=\"elementor-tab-title-2172\" class=\"elementor-tab-title\" data-tab=\"2\" role=\"button\" aria-controls=\"elementor-tab-content-2172\" aria-expanded=\"false\">\n\t\t\t\t\t\t\t\t\t\t\t\t<span class=\"elementor-toggle-icon elementor-toggle-icon-left\" aria-hidden=\"true\">\n\t\t\t\t\t\t\t\t\t\t\t\t\t\t\t<span class=\"elementor-toggle-icon-closed\"><svg class=\"e-font-icon-svg e-fas-caret-right\" viewbox=\"0 0 192 512\" xmlns=\"http:\/\/www.w3.org\/2000\/svg\"><path d=\"M0 384.662V127.338c0-17.818 21.543-26.741 34.142-14.142l128.662 128.662c7.81 7.81 7.81 20.474 0 28.284L34.142 398.804C21.543 411.404 0 402.48 0 384.662z\"><\/path><\/svg><\/span>\n\t\t\t\t\t\t\t\t<span class=\"elementor-toggle-icon-opened\"><svg class=\"elementor-toggle-icon-opened e-font-icon-svg e-fas-caret-up\" viewbox=\"0 0 320 512\" xmlns=\"http:\/\/www.w3.org\/2000\/svg\"><path d=\"M288.662 352H31.338c-17.818 0-26.741-21.543-14.142-34.142l128.662-128.662c7.81-7.81 20.474-7.81 28.284 0l128.662 128.662c12.6 12.599 3.676 34.142-14.142 34.142z\"><\/path><\/svg><\/span>\n\t\t\t\t\t\t\t\t\t\t\t\t\t<\/span>\n\t\t\t\t\t\t\t\t\t\t\t\t<a class=\"elementor-toggle-title\" tabindex=\"0\">Esse valor eu posso ter v\u00e1rios usu\u00e1rios?<\/a>\n\t\t\t\t\t<\/div>\n\n\t\t\t\t\t<div id=\"elementor-tab-content-2172\" class=\"elementor-tab-content elementor-clearfix\" data-tab=\"2\" role=\"region\" aria-labelledby=\"elementor-tab-title-2172\"><p>Esse investimento \u00e9 por licen\u00e7a de uso. Caso queira mais licen\u00e7as \u00e9 necess\u00e1rio adquirir. Cada licen\u00e7a permite cadastrar um usu\u00e1rio, de forma a ter os dados auditados de quem faz o cadastro, loga no sistema, entre outras informa\u00e7\u00f5es. Cada licen\u00e7a permite acesso simult\u00e2neo.<\/p><\/div>\n\t\t\t\t<\/div>\n\t\t\t\t\t\t\t\t<\/div>\n\t\t\t\t\t\t<\/div>\n\t\t\t\t\t<\/div>\n\t\t\t\t<\/div>\n\t\t\t\t<\/div>","protected":false},"excerpt":{"rendered":"<p>Escolha o melhor plano para sua ind\u00fastria e confira os resultados na pr\u00e1tica B\u00e1sico R$375\/ mensal Acessos Simult\u00e2neos Suporte p\u00f3s-venda Atualiza\u00e7\u00e3o de vers\u00f5es inclusas Dashboard exclusivos 03 m\u00f3dulos dispon\u00edveis Interface&hellip;<\/p>","protected":false},"author":1,"featured_media":0,"parent":0,"menu_order":0,"comment_status":"closed","ping_status":"closed","template":"","meta":{"_lmt_disableupdate":"","_lmt_disable":"","footnotes":""},"class_list":["post-24806","page","type-page","status-publish","hentry"],"yoast_head":"<!-- This site is optimized with the Yoast SEO plugin v27.5 - https:\/\/yoast.com\/product\/yoast-seo-wordpress\/ -->\n<title>Tabela de Pre\u00e7os - SG Plan<\/title>\n<meta name=\"robots\" content=\"index, follow, max-snippet:-1, max-image-preview:large, max-video-preview:-1\" \/>\n<link rel=\"canonical\" href=\"https:\/\/sgplan.com.br\/en\/precos\/\" \/>\n<meta property=\"og:locale\" content=\"en_US\" \/>\n<meta property=\"og:type\" content=\"article\" \/>\n<meta property=\"og:title\" content=\"Tabela de Pre\u00e7os - SG Plan\" \/>\n<meta property=\"og:description\" content=\"Escolha o melhor plano para sua ind\u00fastria e confira os resultados na pr\u00e1tica B\u00e1sico R$375\/ mensal Acessos Simult\u00e2neos Suporte p\u00f3s-venda Atualiza\u00e7\u00e3o de vers\u00f5es inclusas Dashboard exclusivos 03 m\u00f3dulos dispon\u00edveis Interface&hellip;\" \/>\n<meta property=\"og:url\" content=\"https:\/\/sgplan.com.br\/en\/precos\/\" \/>\n<meta property=\"og:site_name\" content=\"SG Plan\" \/>\n<meta property=\"article:publisher\" content=\"https:\/\/web.facebook.com\/Sgplan.eng\" \/>\n<meta property=\"article:modified_time\" content=\"2023-05-29T13:52:01+00:00\" \/>\n<meta name=\"twitter:card\" content=\"summary_large_image\" \/>\n<meta name=\"twitter:label1\" content=\"Est. reading time\" \/>\n\t<meta name=\"twitter:data1\" content=\"1 minute\" \/>\n<script type=\"application\/ld+json\" class=\"yoast-schema-graph\">{\"@context\":\"https:\\\/\\\/schema.org\",\"@graph\":[{\"@type\":\"WebPage\",\"@id\":\"https:\\\/\\\/sgplan.com.br\\\/precos\\\/\",\"url\":\"https:\\\/\\\/sgplan.com.br\\\/precos\\\/\",\"name\":\"Tabela de Pre\u00e7os - SG Plan\",\"isPartOf\":{\"@id\":\"https:\\\/\\\/sgplan.com.br\\\/#website\"},\"datePublished\":\"2022-09-06T11:23:58+00:00\",\"dateModified\":\"2023-05-29T13:52:01+00:00\",\"breadcrumb\":{\"@id\":\"https:\\\/\\\/sgplan.com.br\\\/precos\\\/#breadcrumb\"},\"inLanguage\":\"en-US\",\"potentialAction\":[{\"@type\":\"ReadAction\",\"target\":[\"https:\\\/\\\/sgplan.com.br\\\/precos\\\/\"]}]},{\"@type\":\"BreadcrumbList\",\"@id\":\"https:\\\/\\\/sgplan.com.br\\\/precos\\\/#breadcrumb\",\"itemListElement\":[{\"@type\":\"ListItem\",\"position\":1,\"name\":\"In\u00edcio\",\"item\":\"https:\\\/\\\/sgplan.com.br\\\/\"},{\"@type\":\"ListItem\",\"position\":2,\"name\":\"Tabela de Pre\u00e7os\"}]},{\"@type\":\"WebSite\",\"@id\":\"https:\\\/\\\/sgplan.com.br\\\/#website\",\"url\":\"https:\\\/\\\/sgplan.com.br\\\/\",\"name\":\"SG Plan\",\"description\":\"O Software de Organiza\u00e7\u00e3o da sua ind\u00fastria\",\"publisher\":{\"@id\":\"https:\\\/\\\/sgplan.com.br\\\/#organization\"},\"potentialAction\":[{\"@type\":\"SearchAction\",\"target\":{\"@type\":\"EntryPoint\",\"urlTemplate\":\"https:\\\/\\\/sgplan.com.br\\\/?s={search_term_string}\"},\"query-input\":{\"@type\":\"PropertyValueSpecification\",\"valueRequired\":true,\"valueName\":\"search_term_string\"}}],\"inLanguage\":\"en-US\"},{\"@type\":\"Organization\",\"@id\":\"https:\\\/\\\/sgplan.com.br\\\/#organization\",\"name\":\"SG Plan\",\"url\":\"https:\\\/\\\/sgplan.com.br\\\/\",\"logo\":{\"@type\":\"ImageObject\",\"inLanguage\":\"en-US\",\"@id\":\"https:\\\/\\\/sgplan.com.br\\\/#\\\/schema\\\/logo\\\/image\\\/\",\"url\":\"https:\\\/\\\/sgplan.com.br\\\/wp-content\\\/uploads\\\/2022\\\/07\\\/SG-PLAN-3.png\",\"contentUrl\":\"https:\\\/\\\/sgplan.com.br\\\/wp-content\\\/uploads\\\/2022\\\/07\\\/SG-PLAN-3.png\",\"width\":493,\"height\":221,\"caption\":\"SG Plan\"},\"image\":{\"@id\":\"https:\\\/\\\/sgplan.com.br\\\/#\\\/schema\\\/logo\\\/image\\\/\"},\"sameAs\":[\"https:\\\/\\\/web.facebook.com\\\/Sgplan.eng\",\"https:\\\/\\\/www.instagram.com\\\/sg.plan\\\/\"]}]}<\/script>\n<!-- \/ Yoast SEO plugin. -->","yoast_head_json":{"title":"Tabela de Pre\u00e7os - SG Plan","robots":{"index":"index","follow":"follow","max-snippet":"max-snippet:-1","max-image-preview":"max-image-preview:large","max-video-preview":"max-video-preview:-1"},"canonical":"https:\/\/sgplan.com.br\/en\/precos\/","og_locale":"en_US","og_type":"article","og_title":"Tabela de Pre\u00e7os - SG Plan","og_description":"Escolha o melhor plano para sua ind\u00fastria e confira os resultados na pr\u00e1tica B\u00e1sico R$375\/ mensal Acessos Simult\u00e2neos Suporte p\u00f3s-venda Atualiza\u00e7\u00e3o de vers\u00f5es inclusas Dashboard exclusivos 03 m\u00f3dulos dispon\u00edveis Interface&hellip;","og_url":"https:\/\/sgplan.com.br\/en\/precos\/","og_site_name":"SG Plan","article_publisher":"https:\/\/web.facebook.com\/Sgplan.eng","article_modified_time":"2023-05-29T13:52:01+00:00","twitter_card":"summary_large_image","twitter_misc":{"Est. reading time":"1 minute"},"schema":{"@context":"https:\/\/schema.org","@graph":[{"@type":"WebPage","@id":"https:\/\/sgplan.com.br\/precos\/","url":"https:\/\/sgplan.com.br\/precos\/","name":"Tabela de Pre\u00e7os - SG Plan","isPartOf":{"@id":"https:\/\/sgplan.com.br\/#website"},"datePublished":"2022-09-06T11:23:58+00:00","dateModified":"2023-05-29T13:52:01+00:00","breadcrumb":{"@id":"https:\/\/sgplan.com.br\/precos\/#breadcrumb"},"inLanguage":"en-US","potentialAction":[{"@type":"ReadAction","target":["https:\/\/sgplan.com.br\/precos\/"]}]},{"@type":"BreadcrumbList","@id":"https:\/\/sgplan.com.br\/precos\/#breadcrumb","itemListElement":[{"@type":"ListItem","position":1,"name":"In\u00edcio","item":"https:\/\/sgplan.com.br\/"},{"@type":"ListItem","position":2,"name":"Tabela de Pre\u00e7os"}]},{"@type":"WebSite","@id":"https:\/\/sgplan.com.br\/#website","url":"https:\/\/sgplan.com.br\/","name":"SG Plan","description":"O Software de Organiza\u00e7\u00e3o da sua ind\u00fastria","publisher":{"@id":"https:\/\/sgplan.com.br\/#organization"},"potentialAction":[{"@type":"SearchAction","target":{"@type":"EntryPoint","urlTemplate":"https:\/\/sgplan.com.br\/?s={search_term_string}"},"query-input":{"@type":"PropertyValueSpecification","valueRequired":true,"valueName":"search_term_string"}}],"inLanguage":"en-US"},{"@type":"Organization","@id":"https:\/\/sgplan.com.br\/#organization","name":"SG Plan","url":"https:\/\/sgplan.com.br\/","logo":{"@type":"ImageObject","inLanguage":"en-US","@id":"https:\/\/sgplan.com.br\/#\/schema\/logo\/image\/","url":"https:\/\/sgplan.com.br\/wp-content\/uploads\/2022\/07\/SG-PLAN-3.png","contentUrl":"https:\/\/sgplan.com.br\/wp-content\/uploads\/2022\/07\/SG-PLAN-3.png","width":493,"height":221,"caption":"SG Plan"},"image":{"@id":"https:\/\/sgplan.com.br\/#\/schema\/logo\/image\/"},"sameAs":["https:\/\/web.facebook.com\/Sgplan.eng","https:\/\/www.instagram.com\/sg.plan\/"]}]}},"_links":{"self":[{"href":"https:\/\/sgplan.com.br\/en\/wp-json\/wp\/v2\/pages\/24806","targetHints":{"allow":["GET"]}}],"collection":[{"href":"https:\/\/sgplan.com.br\/en\/wp-json\/wp\/v2\/pages"}],"about":[{"href":"https:\/\/sgplan.com.br\/en\/wp-json\/wp\/v2\/types\/page"}],"author":[{"embeddable":true,"href":"https:\/\/sgplan.com.br\/en\/wp-json\/wp\/v2\/users\/1"}],"replies":[{"embeddable":true,"href":"https:\/\/sgplan.com.br\/en\/wp-json\/wp\/v2\/comments?post=24806"}],"version-history":[{"count":61,"href":"https:\/\/sgplan.com.br\/en\/wp-json\/wp\/v2\/pages\/24806\/revisions"}],"predecessor-version":[{"id":25184,"href":"https:\/\/sgplan.com.br\/en\/wp-json\/wp\/v2\/pages\/24806\/revisions\/25184"}],"wp:attachment":[{"href":"https:\/\/sgplan.com.br\/en\/wp-json\/wp\/v2\/media?parent=24806"}],"curies":[{"name":"wp","href":"https:\/\/api.w.org\/{rel}","templated":true}]}}